{"id":18510,"date":"2024-09-30T15:29:17","date_gmt":"2024-09-30T13:29:17","guid":{"rendered":"https:\/\/medyacht-group.com\/?page_id=18510"},"modified":"2024-10-15T15:43:59","modified_gmt":"2024-10-15T13:43:59","slug":"notre-equipe","status":"publish","type":"page","link":"https:\/\/medyacht-group.com\/en\/notre-equipe\/","title":{"rendered":"Notre \u00c9quipe"},"content":{"rendered":"<div data-elementor-type=\"wp-page\" data-elementor-id=\"18510\" class=\"elementor elementor-18510\" data-elementor-post-type=\"page\">\n\t\t\t\t<div class=\"elementor-element elementor-element-959bedd opaque-top e-con-full e-flex e-con e-parent\" data-id=\"959bedd\" data-element_type=\"container\" data-settings=\"{&quot;background_background&quot;:&quot;classic&quot;}\">\n\t\t<div class=\"elementor-element elementor-element-4222dfe e-con-full e-flex e-con e-child\" data-id=\"4222dfe\" data-element_type=\"container\">\n\t\t<div class=\"elementor-element elementor-element-c5171c2 e-con-full e-flex e-con e-child\" data-id=\"c5171c2\" data-element_type=\"container\">\n\t\t\t\t<div class=\"elementor-element elementor-element-08fd271 element-reveal elementor-widget-divider--view-line elementor-invisible elementor-widget elementor-widget-divider\" data-id=\"08fd271\" data-element_type=\"widget\" data-settings=\"{&quot;_animation&quot;:&quot;fadeIn&quot;}\" data-widget_type=\"divider.default\">\n\t\t\t\t<div class=\"elementor-widget-container\">\n\t\t\t\t\t<div class=\"elementor-divider\">\n\t\t\t<span class=\"elementor-divider-separator\">\n\t\t\t\t\t\t<\/span>\n\t\t<\/div>\n\t\t\t\t<\/div>\n\t\t\t\t<\/div>\n\t\t\t\t<div class=\"elementor-element elementor-element-b1c368f elementor-widget__width-inherit element-reveal elementor-invisible elementor-widget elementor-widget-heading\" data-id=\"b1c368f\" data-element_type=\"widget\" data-settings=\"{&quot;_animation&quot;:&quot;fadeIn&quot;}\" data-widget_type=\"heading.default\">\n\t\t\t\t<div class=\"elementor-widget-container\">\n\t\t\t<p class=\"elementor-heading-title elementor-size-default\">Medyacht<\/p>\t\t<\/div>\n\t\t\t\t<\/div>\n\t\t\t\t<div class=\"elementor-element elementor-element-297a792 element-reveal elementor-invisible elementor-widget elementor-widget-heading\" data-id=\"297a792\" data-element_type=\"widget\" data-settings=\"{&quot;_animation&quot;:&quot;fadeIn&quot;}\" data-widget_type=\"heading.default\">\n\t\t\t\t<div class=\"elementor-widget-container\">\n\t\t\t<h1 class=\"elementor-heading-title elementor-size-default\"><b>Our team<\/b><\/h1>\t\t<\/div>\n\t\t\t\t<\/div>\n\t\t\t\t<div class=\"elementor-element elementor-element-fe8dfaf read-more-fr elementor-hidden-widescreen elementor-hidden-desktop elementor-hidden-tablet_extra elementor-hidden-tablet elementor-hidden-mobile elementor-widget elementor-widget-toggle\" data-id=\"fe8dfaf\" data-element_type=\"widget\" data-widget_type=\"toggle.default\">\n\t\t\t\t<div class=\"elementor-widget-container\">\n\t\t\t\t\t<div class=\"elementor-toggle\">\n\t\t\t\t\t\t\t<div class=\"elementor-toggle-item\">\n\t\t\t\t\t<div id=\"elementor-tab-title-2661\" class=\"elementor-tab-title\" data-tab=\"1\" role=\"button\" aria-controls=\"elementor-tab-content-2661\" aria-expanded=\"false\">\n\t\t\t\t\t\t\t\t\t\t\t\t<span class=\"elementor-toggle-icon elementor-toggle-icon-left\" aria-hidden=\"true\">\n\t\t\t\t\t\t\t\t\t\t\t\t\t\t\t<span class=\"elementor-toggle-icon-closed\"><svg class=\"e-font-icon-svg e-fas-angle-down\" viewbox=\"0 0 320 512\" xmlns=\"http:\/\/www.w3.org\/2000\/svg\"><path d=\"M143 352.3L7 216.3c-9.4-9.4-9.4-24.6 0-33.9l22.6-22.6c9.4-9.4 24.6-9.4 33.9 0l96.4 96.4 96.4-96.4c9.4-9.4 24.6-9.4 33.9 0l22.6 22.6c9.4 9.4 9.4 24.6 0 33.9l-136 136c-9.2 9.4-24.4 9.4-33.8 0z\"><\/path><\/svg><\/span>\n\t\t\t\t\t\t\t\t<span class=\"elementor-toggle-icon-opened\"><svg class=\"elementor-toggle-icon-opened e-font-icon-svg e-fas-angle-up\" viewbox=\"0 0 320 512\" xmlns=\"http:\/\/www.w3.org\/2000\/svg\"><path d=\"M177 159.7l136 136c9.4 9.4 9.4 24.6 0 33.9l-22.6 22.6c-9.4 9.4-24.6 9.4-33.9 0L160 255.9l-96.4 96.4c-9.4 9.4-24.6 9.4-33.9 0L7 329.7c-9.4-9.4-9.4-24.6 0-33.9l136-136c9.4-9.5 24.6-9.5 34-.1z\"><\/path><\/svg><\/span>\n\t\t\t\t\t\t\t\t\t\t\t\t\t<\/span>\n\t\t\t\t\t\t\t\t\t\t\t\t<a class=\"elementor-toggle-title\" tabindex=\"0\"><\/a>\n\t\t\t\t\t<\/div>\n\n\t\t\t\t\t<div id=\"elementor-tab-content-2661\" class=\"elementor-tab-content elementor-clearfix\" data-tab=\"1\" role=\"region\" aria-labelledby=\"elementor-tab-title-2661\"><p>We offer a fleet of <strong>30 boats :<\/strong>RIB's, day boat and moto yachts, from <strong>6 to 30 meters<\/strong> for charter with ou without skipper from Marines de Cogolin and Saint-Tropez. For a day, a weekend or longer, hop aboard one of our modern boats and sail in the Mediterranean in total confort. A <strong>quayside service and a lounge space with drinks and magazines<\/strong> are at your service as well as a free parking from the departure at our agencies. Charter extras : <strong>concierge, catering service, water skis, inflatable doughnuts, wake-board etc..<\/strong><\/p><\/div>\n\t\t\t\t<\/div>\n\t\t\t\t\t\t\t\t<\/div>\n\t\t\t\t<\/div>\n\t\t\t\t<\/div>\n\t\t\t\t<\/div>\n\t\t\t\t<\/div>\n\t\t\t\t<\/div>\n\t\t<div class=\"elementor-element elementor-element-8821e9b separateur e-flex e-con-boxed e-con e-parent\" data-id=\"8821e9b\" data-element_type=\"container\" data-settings=\"{&quot;background_background&quot;:&quot;classic&quot;}\">\n\t\t\t\t\t<div class=\"e-con-inner\">\n\t\t\t\t\t<\/div>\n\t\t\t\t<\/div>\n\t\t<div class=\"elementor-element elementor-element-9311fdc e-flex e-con-boxed e-con e-parent\" data-id=\"9311fdc\" data-element_type=\"container\">\n\t\t\t\t\t<div class=\"e-con-inner\">\n\t\t<div class=\"elementor-element elementor-element-f3d986d e-con-full e-flex e-con e-child\" data-id=\"f3d986d\" data-element_type=\"container\">\n\t\t\t\t<div class=\"elementor-element elementor-element-783d7f9 elementor-widget elementor-widget-image\" data-id=\"783d7f9\" data-element_type=\"widget\" data-widget_type=\"image.default\">\n\t\t\t\t<div class=\"elementor-widget-container\">\n\t\t\t\t\t\t\t\t\t\t\t\t\t<img fetchpriority=\"high\" decoding=\"async\" width=\"800\" height=\"800\" src=\"https:\/\/medyacht-group.com\/wp-content\/uploads\/2024\/09\/cedric-labouyrie.webp\" class=\"attachment-large size-large wp-image-18528\" alt=\"C\u00e9dric Labouyrie\" srcset=\"https:\/\/medyacht-group.com\/wp-content\/uploads\/2024\/09\/cedric-labouyrie.webp 887w, https:\/\/medyacht-group.com\/wp-content\/uploads\/2024\/09\/cedric-labouyrie-300x300.webp 300w, https:\/\/medyacht-group.com\/wp-content\/uploads\/2024\/09\/cedric-labouyrie-150x150.webp 150w, https:\/\/medyacht-group.com\/wp-content\/uploads\/2024\/09\/cedric-labouyrie-768x768.webp 768w, https:\/\/medyacht-group.com\/wp-content\/uploads\/2024\/09\/cedric-labouyrie-12x12.webp 12w\" sizes=\"(max-width: 800px) 100vw, 800px\" \/>\t\t\t\t\t\t\t\t\t\t\t\t\t<\/div>\n\t\t\t\t<\/div>\n\t\t<div class=\"elementor-element elementor-element-2882a0d e-con-full e-flex e-con e-child\" data-id=\"2882a0d\" data-element_type=\"container\">\n\t\t\t\t<div class=\"elementor-element elementor-element-672d2f1 element-reveal elementor-invisible elementor-widget elementor-widget-heading\" data-id=\"672d2f1\" data-element_type=\"widget\" data-settings=\"{&quot;_animation&quot;:&quot;fadeIn&quot;}\" data-widget_type=\"heading.default\">\n\t\t\t\t<div class=\"elementor-widget-container\">\n\t\t\t<h2 class=\"elementor-heading-title elementor-size-default\">C\u00e9dric LABOUYRIE<\/h2>\t\t<\/div>\n\t\t\t\t<\/div>\n\t\t\t\t<div class=\"elementor-element elementor-element-0fe05d0 element-reveal elementor-invisible elementor-widget elementor-widget-text-editor\" data-id=\"0fe05d0\" data-element_type=\"widget\" data-settings=\"{&quot;_animation&quot;:&quot;fadeIn&quot;}\" data-widget_type=\"text-editor.default\">\n\t\t\t\t<div class=\"elementor-widget-container\">\n\t\t\t\t\t\t\t<p><strong>General Manager<\/strong><\/p><p>+33(0)6 29 87 67 97<\/p><p>c.labouyrie@med-yacht.com<\/p><p>27 Quai de l&rsquo;Epi &#8211; 83990 Saint-Tropez\u00a0<\/p>\t\t\t\t\t\t<\/div>\n\t\t\t\t<\/div>\n\t\t\t\t<\/div>\n\t\t\t\t<\/div>\n\t\t<div class=\"elementor-element elementor-element-2a0fe49 e-con-full e-flex e-con e-child\" data-id=\"2a0fe49\" data-element_type=\"container\">\n\t\t\t\t<div class=\"elementor-element elementor-element-5f7c39f elementor-widget elementor-widget-image\" data-id=\"5f7c39f\" data-element_type=\"widget\" data-widget_type=\"image.default\">\n\t\t\t\t<div class=\"elementor-widget-container\">\n\t\t\t\t\t\t\t\t\t\t\t\t\t<img decoding=\"async\" width=\"800\" height=\"800\" src=\"https:\/\/medyacht-group.com\/wp-content\/uploads\/2024\/09\/frederic-poirier.webp\" class=\"attachment-large size-large wp-image-18541\" alt=\"Fr\u00e9d\u00e9ric Poirier membre de MEDYACHT\" srcset=\"https:\/\/medyacht-group.com\/wp-content\/uploads\/2024\/09\/frederic-poirier.webp 887w, https:\/\/medyacht-group.com\/wp-content\/uploads\/2024\/09\/frederic-poirier-300x300.webp 300w, https:\/\/medyacht-group.com\/wp-content\/uploads\/2024\/09\/frederic-poirier-150x150.webp 150w, https:\/\/medyacht-group.com\/wp-content\/uploads\/2024\/09\/frederic-poirier-768x768.webp 768w, https:\/\/medyacht-group.com\/wp-content\/uploads\/2024\/09\/frederic-poirier-12x12.webp 12w\" sizes=\"(max-width: 800px) 100vw, 800px\" \/>\t\t\t\t\t\t\t\t\t\t\t\t\t<\/div>\n\t\t\t\t<\/div>\n\t\t<div class=\"elementor-element elementor-element-0a04eaf e-con-full e-flex e-con e-child\" data-id=\"0a04eaf\" data-element_type=\"container\">\n\t\t\t\t<div class=\"elementor-element elementor-element-a0cf73e element-reveal elementor-invisible elementor-widget elementor-widget-heading\" data-id=\"a0cf73e\" data-element_type=\"widget\" data-settings=\"{&quot;_animation&quot;:&quot;fadeIn&quot;}\" data-widget_type=\"heading.default\">\n\t\t\t\t<div class=\"elementor-widget-container\">\n\t\t\t<h2 class=\"elementor-heading-title elementor-size-default\">Fr\u00e9d\u00e9ric POIRIER<\/h2>\t\t<\/div>\n\t\t\t\t<\/div>\n\t\t\t\t<div class=\"elementor-element elementor-element-0742f35 element-reveal elementor-invisible elementor-widget elementor-widget-text-editor\" data-id=\"0742f35\" data-element_type=\"widget\" data-settings=\"{&quot;_animation&quot;:&quot;fadeIn&quot;}\" data-widget_type=\"text-editor.default\">\n\t\t\t\t<div class=\"elementor-widget-container\">\n\t\t\t\t\t\t\t<p><strong>Sales Director<\/strong><\/p><p>+33(0)6 20 04 60 06<\/p><p>f.poirier@med-yacht.com<\/p><p>24 Quai de la Galiote &#8211; 83310 Marines de Cogolin<\/p>\t\t\t\t\t\t<\/div>\n\t\t\t\t<\/div>\n\t\t\t\t<\/div>\n\t\t\t\t<\/div>\n\t\t\t\t\t<\/div>\n\t\t\t\t<\/div>\n\t\t<div class=\"elementor-element elementor-element-a7e90b0 e-con-full separateur e-flex e-con e-parent\" data-id=\"a7e90b0\" data-element_type=\"container\" data-settings=\"{&quot;background_background&quot;:&quot;classic&quot;}\">\n\t\t\t\t<\/div>\n\t\t<div class=\"elementor-element elementor-element-6a2a0a0 e-flex e-con-boxed e-con e-parent\" data-id=\"6a2a0a0\" data-element_type=\"container\">\n\t\t\t\t\t<div class=\"e-con-inner\">\n\t\t<div class=\"elementor-element elementor-element-0268c1e e-con-full e-flex e-con e-child\" data-id=\"0268c1e\" data-element_type=\"container\">\n\t\t\t\t<div class=\"elementor-element elementor-element-6cfd060 elementor-widget elementor-widget-image\" data-id=\"6cfd060\" data-element_type=\"widget\" data-widget_type=\"image.default\">\n\t\t\t\t<div class=\"elementor-widget-container\">\n\t\t\t\t\t\t\t\t\t\t\t\t\t<img decoding=\"async\" width=\"800\" height=\"882\" src=\"https:\/\/medyacht-group.com\/wp-content\/uploads\/2024\/10\/IMG_2975-929x1024.jpeg\" class=\"attachment-large size-large wp-image-18685\" alt=\"\" srcset=\"https:\/\/medyacht-group.com\/wp-content\/uploads\/2024\/10\/IMG_2975-929x1024.jpeg 929w, https:\/\/medyacht-group.com\/wp-content\/uploads\/2024\/10\/IMG_2975-272x300.jpeg 272w, https:\/\/medyacht-group.com\/wp-content\/uploads\/2024\/10\/IMG_2975-768x846.jpeg 768w, https:\/\/medyacht-group.com\/wp-content\/uploads\/2024\/10\/IMG_2975-1394x1536.jpeg 1394w, https:\/\/medyacht-group.com\/wp-content\/uploads\/2024\/10\/IMG_2975-1858x2048.jpeg 1858w, https:\/\/medyacht-group.com\/wp-content\/uploads\/2024\/10\/IMG_2975-11x12.jpeg 11w\" sizes=\"(max-width: 800px) 100vw, 800px\" \/>\t\t\t\t\t\t\t\t\t\t\t\t\t<\/div>\n\t\t\t\t<\/div>\n\t\t<div class=\"elementor-element elementor-element-9484a9f e-con-full e-flex e-con e-child\" data-id=\"9484a9f\" data-element_type=\"container\">\n\t\t\t\t<div class=\"elementor-element elementor-element-44cd5f7 element-reveal elementor-invisible elementor-widget elementor-widget-heading\" data-id=\"44cd5f7\" data-element_type=\"widget\" data-settings=\"{&quot;_animation&quot;:&quot;fadeIn&quot;}\" data-widget_type=\"heading.default\">\n\t\t\t\t<div class=\"elementor-widget-container\">\n\t\t\t<h2 class=\"elementor-heading-title elementor-size-default\">Alexis COHEN<\/h2>\t\t<\/div>\n\t\t\t\t<\/div>\n\t\t\t\t<div class=\"elementor-element elementor-element-85b84ea element-reveal elementor-invisible elementor-widget elementor-widget-text-editor\" data-id=\"85b84ea\" data-element_type=\"widget\" data-settings=\"{&quot;_animation&quot;:&quot;fadeIn&quot;}\" data-widget_type=\"text-editor.default\">\n\t\t\t\t<div class=\"elementor-widget-container\">\n\t\t\t\t\t\t\t<p><strong>Branch Manager<\/strong><\/p><p>+33(0)7 78 64 52 01\u00a0<\/p><p>a.cohen@med-yacht.com<\/p><p>47 Quai de Rive Neuve 13007 Marseille<\/p>\t\t\t\t\t\t<\/div>\n\t\t\t\t<\/div>\n\t\t\t\t<\/div>\n\t\t\t\t<\/div>\n\t\t<div class=\"elementor-element elementor-element-e3b0f64 e-con-full e-flex e-con e-child\" data-id=\"e3b0f64\" data-element_type=\"container\">\n\t\t\t\t<div class=\"elementor-element elementor-element-3cde76b elementor-widget elementor-widget-image\" data-id=\"3cde76b\" data-element_type=\"widget\" data-widget_type=\"image.default\">\n\t\t\t\t<div class=\"elementor-widget-container\">\n\t\t\t\t\t\t\t\t\t\t\t\t\t<img loading=\"lazy\" decoding=\"async\" width=\"800\" height=\"800\" src=\"https:\/\/medyacht-group.com\/wp-content\/uploads\/2024\/09\/marvyn-patural-medyacht.webp\" class=\"attachment-large size-large wp-image-18548\" alt=\"\" srcset=\"https:\/\/medyacht-group.com\/wp-content\/uploads\/2024\/09\/marvyn-patural-medyacht.webp 887w, https:\/\/medyacht-group.com\/wp-content\/uploads\/2024\/09\/marvyn-patural-medyacht-300x300.webp 300w, https:\/\/medyacht-group.com\/wp-content\/uploads\/2024\/09\/marvyn-patural-medyacht-150x150.webp 150w, https:\/\/medyacht-group.com\/wp-content\/uploads\/2024\/09\/marvyn-patural-medyacht-768x768.webp 768w, https:\/\/medyacht-group.com\/wp-content\/uploads\/2024\/09\/marvyn-patural-medyacht-12x12.webp 12w\" sizes=\"(max-width: 800px) 100vw, 800px\" \/>\t\t\t\t\t\t\t\t\t\t\t\t\t<\/div>\n\t\t\t\t<\/div>\n\t\t<div class=\"elementor-element elementor-element-290309e e-con-full e-flex e-con e-child\" data-id=\"290309e\" data-element_type=\"container\">\n\t\t\t\t<div class=\"elementor-element elementor-element-05bb602 element-reveal elementor-invisible elementor-widget elementor-widget-heading\" data-id=\"05bb602\" data-element_type=\"widget\" data-settings=\"{&quot;_animation&quot;:&quot;fadeIn&quot;}\" data-widget_type=\"heading.default\">\n\t\t\t\t<div class=\"elementor-widget-container\">\n\t\t\t<h2 class=\"elementor-heading-title elementor-size-default\">Marvyn PATURAL<\/h2>\t\t<\/div>\n\t\t\t\t<\/div>\n\t\t\t\t<div class=\"elementor-element elementor-element-523784f element-reveal elementor-invisible elementor-widget elementor-widget-text-editor\" data-id=\"523784f\" data-element_type=\"widget\" data-settings=\"{&quot;_animation&quot;:&quot;fadeIn&quot;}\" data-widget_type=\"text-editor.default\">\n\t\t\t\t<div class=\"elementor-widget-container\">\n\t\t\t\t\t\t\t<p><strong>Commercial &amp; Responsable Location\u00a0<\/strong><\/p><p>+33(6) 03 44 67 10<\/p><p>m.patural@med-yacht.com<\/p><p>24 Quai de l&rsquo;Epi &#8211; 83990 Saint-Tropez<\/p>\t\t\t\t\t\t<\/div>\n\t\t\t\t<\/div>\n\t\t\t\t<\/div>\n\t\t\t\t<\/div>\n\t\t\t\t\t<\/div>\n\t\t\t\t<\/div>\n\t\t<div class=\"elementor-element elementor-element-8bc8f80 e-con-full separateur e-flex e-con e-parent\" data-id=\"8bc8f80\" data-element_type=\"container\" data-settings=\"{&quot;background_background&quot;:&quot;classic&quot;}\">\n\t\t\t\t<\/div>\n\t\t\t\t<\/div>","protected":false},"excerpt":{"rendered":"<p>Medyacht Notre \u00e9quipe Nous vous proposons une flotte de 30 bateaux semi-rigides, open et yachts de 6 \u00e0 30 m\u00e8tres en location avec ou sans skipper. Pour une journ\u00e9e, un week-end ou une semaine, montez \u00e0 bord de l&rsquo;un de nos bateaux modernes et naviguez en M\u00e9diterran\u00e9e dans un confort absolu. Vous disposez d&rsquo;un service [&hellip;]<\/p>","protected":false},"author":1,"featured_media":0,"parent":0,"menu_order":0,"comment_status":"closed","ping_status":"closed","template":"elementor_header_footer","meta":{"footnotes":""},"yoast_head":"<!-- This site is optimized with the Yoast SEO plugin v24.2 - https:\/\/yoast.com\/wordpress\/plugins\/seo\/ -->\n<title>Rencontrez notre \u00e9quipe - MEDYACHT<\/title>\n<meta name=\"description\" content=\"Rencontrez l&#039;\u00e9quipe de Medyacht, des experts passionn\u00e9s qui vous accompagnent dans tous vos projets de yachting.\" \/>\n<meta name=\"robots\" content=\"index, follow, max-snippet:-1, max-image-preview:large, max-video-preview:-1\" \/>\n<link rel=\"canonical\" href=\"https:\/\/medyacht-group.com\/en\/notre-equipe\/\" \/>\n<meta property=\"og:locale\" content=\"en_GB\" \/>\n<meta property=\"og:type\" content=\"article\" \/>\n<meta property=\"og:title\" content=\"Rencontrez notre \u00e9quipe - MEDYACHT\" \/>\n<meta property=\"og:description\" content=\"Rencontrez l&#039;\u00e9quipe de Medyacht, des experts passionn\u00e9s qui vous accompagnent dans tous vos projets de yachting.\" \/>\n<meta property=\"og:url\" content=\"https:\/\/medyacht-group.com\/en\/notre-equipe\/\" \/>\n<meta property=\"og:site_name\" content=\"MEDYACHT\" \/>\n<meta property=\"article:modified_time\" content=\"2024-10-15T13:43:59+00:00\" \/>\n<meta property=\"og:image\" content=\"https:\/\/medyacht-group.com\/wp-content\/uploads\/2024\/09\/cedric-labouyrie.webp\" \/>\n\t<meta property=\"og:image:width\" content=\"887\" \/>\n\t<meta property=\"og:image:height\" content=\"887\" \/>\n\t<meta property=\"og:image:type\" content=\"image\/webp\" \/>\n<meta name=\"twitter:card\" content=\"summary_large_image\" \/>\n<meta name=\"twitter:label1\" content=\"Estimated reading time\" \/>\n\t<meta name=\"twitter:data1\" content=\"2 minutes\" \/>\n<script type=\"application\/ld+json\" class=\"yoast-schema-graph\">{\"@context\":\"https:\/\/schema.org\",\"@graph\":[{\"@type\":\"WebPage\",\"@id\":\"https:\/\/medyacht-group.com\/notre-equipe\/\",\"url\":\"https:\/\/medyacht-group.com\/notre-equipe\/\",\"name\":\"Rencontrez notre \u00e9quipe - MEDYACHT\",\"isPartOf\":{\"@id\":\"https:\/\/medyacht-group.com\/fr\/#website\"},\"primaryImageOfPage\":{\"@id\":\"https:\/\/medyacht-group.com\/notre-equipe\/#primaryimage\"},\"image\":{\"@id\":\"https:\/\/medyacht-group.com\/notre-equipe\/#primaryimage\"},\"thumbnailUrl\":\"https:\/\/medyacht-group.com\/wp-content\/uploads\/2024\/09\/cedric-labouyrie.webp\",\"datePublished\":\"2024-09-30T13:29:17+00:00\",\"dateModified\":\"2024-10-15T13:43:59+00:00\",\"description\":\"Rencontrez l'\u00e9quipe de Medyacht, des experts passionn\u00e9s qui vous accompagnent dans tous vos projets de yachting.\",\"breadcrumb\":{\"@id\":\"https:\/\/medyacht-group.com\/notre-equipe\/#breadcrumb\"},\"inLanguage\":\"en-GB\",\"potentialAction\":[{\"@type\":\"ReadAction\",\"target\":[\"https:\/\/medyacht-group.com\/notre-equipe\/\"]}]},{\"@type\":\"ImageObject\",\"inLanguage\":\"en-GB\",\"@id\":\"https:\/\/medyacht-group.com\/notre-equipe\/#primaryimage\",\"url\":\"https:\/\/medyacht-group.com\/wp-content\/uploads\/2024\/09\/cedric-labouyrie.webp\",\"contentUrl\":\"https:\/\/medyacht-group.com\/wp-content\/uploads\/2024\/09\/cedric-labouyrie.webp\"},{\"@type\":\"BreadcrumbList\",\"@id\":\"https:\/\/medyacht-group.com\/notre-equipe\/#breadcrumb\",\"itemListElement\":[{\"@type\":\"ListItem\",\"position\":1,\"name\":\"Accueil\",\"item\":\"https:\/\/medyacht-group.com\/fr\/\"},{\"@type\":\"ListItem\",\"position\":2,\"name\":\"Notre \u00c9quipe\"}]},{\"@type\":\"WebSite\",\"@id\":\"https:\/\/medyacht-group.com\/fr\/#website\",\"url\":\"https:\/\/medyacht-group.com\/fr\/\",\"name\":\"MEDYACHT\",\"description\":\"Vente, Location et Entretien de Bateaux \u00e0 Saint-Tropez\",\"publisher\":{\"@id\":\"https:\/\/medyacht-group.com\/fr\/#organization\"},\"potentialAction\":[{\"@type\":\"SearchAction\",\"target\":{\"@type\":\"EntryPoint\",\"urlTemplate\":\"https:\/\/medyacht-group.com\/fr\/?s={search_term_string}\"},\"query-input\":{\"@type\":\"PropertyValueSpecification\",\"valueRequired\":true,\"valueName\":\"search_term_string\"}}],\"inLanguage\":\"en-GB\"},{\"@type\":\"Organization\",\"@id\":\"https:\/\/medyacht-group.com\/fr\/#organization\",\"name\":\"MEDYACHT\",\"url\":\"https:\/\/medyacht-group.com\/fr\/\",\"logo\":{\"@type\":\"ImageObject\",\"inLanguage\":\"en-GB\",\"@id\":\"https:\/\/medyacht-group.com\/fr\/#\/schema\/logo\/image\/\",\"url\":\"https:\/\/medyacht-group.com\/wp-content\/uploads\/2022\/11\/medyatch-logo.svg\",\"contentUrl\":\"https:\/\/medyacht-group.com\/wp-content\/uploads\/2022\/11\/medyatch-logo.svg\",\"width\":841,\"height\":239,\"caption\":\"MEDYACHT\"},\"image\":{\"@id\":\"https:\/\/medyacht-group.com\/fr\/#\/schema\/logo\/image\/\"}}]}<\/script>\n<!-- \/ Yoast SEO plugin. -->","yoast_head_json":{"title":"Rencontrez notre \u00e9quipe - MEDYACHT","description":"Rencontrez l'\u00e9quipe de Medyacht, des experts passionn\u00e9s qui vous accompagnent dans tous vos projets de yachting.","robots":{"index":"index","follow":"follow","max-snippet":"max-snippet:-1","max-image-preview":"max-image-preview:large","max-video-preview":"max-video-preview:-1"},"canonical":"https:\/\/medyacht-group.com\/en\/notre-equipe\/","og_locale":"en_GB","og_type":"article","og_title":"Rencontrez notre \u00e9quipe - MEDYACHT","og_description":"Rencontrez l'\u00e9quipe de Medyacht, des experts passionn\u00e9s qui vous accompagnent dans tous vos projets de yachting.","og_url":"https:\/\/medyacht-group.com\/en\/notre-equipe\/","og_site_name":"MEDYACHT","article_modified_time":"2024-10-15T13:43:59+00:00","og_image":[{"width":887,"height":887,"url":"https:\/\/medyacht-group.com\/wp-content\/uploads\/2024\/09\/cedric-labouyrie.webp","type":"image\/webp"}],"twitter_card":"summary_large_image","twitter_misc":{"Estimated reading time":"2 minutes"},"schema":{"@context":"https:\/\/schema.org","@graph":[{"@type":"WebPage","@id":"https:\/\/medyacht-group.com\/notre-equipe\/","url":"https:\/\/medyacht-group.com\/notre-equipe\/","name":"Rencontrez notre \u00e9quipe - MEDYACHT","isPartOf":{"@id":"https:\/\/medyacht-group.com\/fr\/#website"},"primaryImageOfPage":{"@id":"https:\/\/medyacht-group.com\/notre-equipe\/#primaryimage"},"image":{"@id":"https:\/\/medyacht-group.com\/notre-equipe\/#primaryimage"},"thumbnailUrl":"https:\/\/medyacht-group.com\/wp-content\/uploads\/2024\/09\/cedric-labouyrie.webp","datePublished":"2024-09-30T13:29:17+00:00","dateModified":"2024-10-15T13:43:59+00:00","description":"Rencontrez l'\u00e9quipe de Medyacht, des experts passionn\u00e9s qui vous accompagnent dans tous vos projets de yachting.","breadcrumb":{"@id":"https:\/\/medyacht-group.com\/notre-equipe\/#breadcrumb"},"inLanguage":"en-GB","potentialAction":[{"@type":"ReadAction","target":["https:\/\/medyacht-group.com\/notre-equipe\/"]}]},{"@type":"ImageObject","inLanguage":"en-GB","@id":"https:\/\/medyacht-group.com\/notre-equipe\/#primaryimage","url":"https:\/\/medyacht-group.com\/wp-content\/uploads\/2024\/09\/cedric-labouyrie.webp","contentUrl":"https:\/\/medyacht-group.com\/wp-content\/uploads\/2024\/09\/cedric-labouyrie.webp"},{"@type":"BreadcrumbList","@id":"https:\/\/medyacht-group.com\/notre-equipe\/#breadcrumb","itemListElement":[{"@type":"ListItem","position":1,"name":"Accueil","item":"https:\/\/medyacht-group.com\/fr\/"},{"@type":"ListItem","position":2,"name":"Notre \u00c9quipe"}]},{"@type":"WebSite","@id":"https:\/\/medyacht-group.com\/fr\/#website","url":"https:\/\/medyacht-group.com\/fr\/","name":"MEDYACHT","description":"Vente, Location et Entretien de Bateaux \u00e0 Saint-Tropez","publisher":{"@id":"https:\/\/medyacht-group.com\/fr\/#organization"},"potentialAction":[{"@type":"SearchAction","target":{"@type":"EntryPoint","urlTemplate":"https:\/\/medyacht-group.com\/fr\/?s={search_term_string}"},"query-input":{"@type":"PropertyValueSpecification","valueRequired":true,"valueName":"search_term_string"}}],"inLanguage":"en-GB"},{"@type":"Organization","@id":"https:\/\/medyacht-group.com\/fr\/#organization","name":"MEDYACHT","url":"https:\/\/medyacht-group.com\/fr\/","logo":{"@type":"ImageObject","inLanguage":"en-GB","@id":"https:\/\/medyacht-group.com\/fr\/#\/schema\/logo\/image\/","url":"https:\/\/medyacht-group.com\/wp-content\/uploads\/2022\/11\/medyatch-logo.svg","contentUrl":"https:\/\/medyacht-group.com\/wp-content\/uploads\/2022\/11\/medyatch-logo.svg","width":841,"height":239,"caption":"MEDYACHT"},"image":{"@id":"https:\/\/medyacht-group.com\/fr\/#\/schema\/logo\/image\/"}}]}},"_links":{"self":[{"href":"https:\/\/medyacht-group.com\/en\/wp-json\/wp\/v2\/pages\/18510"}],"collection":[{"href":"https:\/\/medyacht-group.com\/en\/wp-json\/wp\/v2\/pages"}],"about":[{"href":"https:\/\/medyacht-group.com\/en\/wp-json\/wp\/v2\/types\/page"}],"author":[{"embeddable":true,"href":"https:\/\/medyacht-group.com\/en\/wp-json\/wp\/v2\/users\/1"}],"replies":[{"embeddable":true,"href":"https:\/\/medyacht-group.com\/en\/wp-json\/wp\/v2\/comments?post=18510"}],"version-history":[{"count":4,"href":"https:\/\/medyacht-group.com\/en\/wp-json\/wp\/v2\/pages\/18510\/revisions"}],"predecessor-version":[{"id":18691,"href":"https:\/\/medyacht-group.com\/en\/wp-json\/wp\/v2\/pages\/18510\/revisions\/18691"}],"wp:attachment":[{"href":"https:\/\/medyacht-group.com\/en\/wp-json\/wp\/v2\/media?parent=18510"}],"curies":[{"name":"wp","href":"https:\/\/api.w.org\/{rel}","templated":true}]}}