{"id":12342,"date":"2023-02-03T09:14:56","date_gmt":"2023-02-03T08:14:56","guid":{"rendered":"https:\/\/medyacht-group.com\/\/?page_id=12342"},"modified":"2025-12-19T17:58:50","modified_gmt":"2025-12-19T16:58:50","slug":"bateaux-neufs-marques","status":"publish","type":"page","link":"https:\/\/medyacht-group.com\/fr\/bateaux-neufs-marques\/","title":{"rendered":"Bateaux Neufs Mobile"},"content":{"rendered":"\t\t<div data-elementor-type=\"wp-page\" data-elementor-id=\"12342\" class=\"elementor elementor-12342\" data-elementor-post-type=\"page\">\n\t\t\t\t<div class=\"elementor-element elementor-element-61992cd e-flex e-con-boxed e-con e-parent\" data-id=\"61992cd\" data-element_type=\"container\">\n\t\t\t\t\t<div class=\"e-con-inner\">\n\t\t<div class=\"elementor-element elementor-element-941442d e-con-full e-flex e-con e-child\" data-id=\"941442d\" data-element_type=\"container\">\n\t\t\t\t<div class=\"elementor-element elementor-element-eace254 elementor-widget__width-inherit elementor-widget elementor-widget-text-editor\" data-id=\"eace254\" data-element_type=\"widget\" data-widget_type=\"text-editor.default\">\n\t\t\t\t<div class=\"elementor-widget-container\">\n\t\t\t\t\t\t\t<p><a href=\"\/bateaux-occasions\/\">NOS BATEAUX D&rsquo;OCCASION<\/a><\/p>\t\t\t\t\t\t<\/div>\n\t\t\t\t<\/div>\n\t\t\t\t<div class=\"elementor-element elementor-element-a2a2da1 bateau-megamenu clickable elementor-widget elementor-widget-image\" data-id=\"a2a2da1\" data-element_type=\"widget\" data-no-translation=\"\" data-widget_type=\"image.default\">\n\t\t\t\t<div class=\"elementor-widget-container\">\n\t\t\t\t\t\t\t\t\t\t\t\t\t\t<a href=\"\/bateaux-occasions\/\">\n\t\t\t\t\t\t\t<img decoding=\"async\" width=\"276\" height=\"89\" src=\"https:\/\/medyacht-group.com\/wp-content\/uploads\/2025\/12\/occasion-icon-medyacht.svg\" class=\"attachment-medium size-medium wp-image-21843\" alt=\"\" \/>\t\t\t\t\t\t\t\t<\/a>\n\t\t\t\t\t\t\t\t\t\t\t\t\t<\/div>\n\t\t\t\t<\/div>\n\t\t\t\t<div class=\"elementor-element elementor-element-ece9c9b bateau-megamenu clickable elementor-widget elementor-widget-image\" data-id=\"ece9c9b\" data-element_type=\"widget\" data-no-translation=\"\" data-widget_type=\"image.default\">\n\t\t\t\t<div class=\"elementor-widget-container\">\n\t\t\t<style>.elementor-element-ece9c9b{display:none !important}<\/style>\t\t<\/div>\n\t\t\t\t<\/div>\n\t\t\t\t<\/div>\n\t\t<div class=\"elementor-element elementor-element-e75d6ab e-con-full e-flex e-con e-child\" data-id=\"e75d6ab\" data-element_type=\"container\">\n\t\t\t\t<div class=\"elementor-element elementor-element-d225214 elementor-widget__width-inherit elementor-widget elementor-widget-text-editor\" data-id=\"d225214\" data-element_type=\"widget\" data-widget_type=\"text-editor.default\">\n\t\t\t\t<div class=\"elementor-widget-container\">\n\t\t\t\t\t\t\t<p><a href=\"\/catalogue-bateaux-neufs\/\">NOS BATEAUX NEUFS<\/a><\/p>\t\t\t\t\t\t<\/div>\n\t\t\t\t<\/div>\n\t\t\t\t<div class=\"elementor-element elementor-element-b0c610d bateau-megamenu clickable elementor-widget elementor-widget-image\" data-id=\"b0c610d\" data-element_type=\"widget\" data-widget_type=\"image.default\">\n\t\t\t\t<div class=\"elementor-widget-container\">\n\t\t\t\t\t\t\t\t\t\t\t\t\t\t<a href=\"\/catalogue-bateaux-neufs\/\">\n\t\t\t\t\t\t\t<img decoding=\"async\" width=\"127\" height=\"48\" src=\"https:\/\/medyacht-group.com\/wp-content\/uploads\/2023\/01\/med-42.svg\" class=\"attachment-medium size-medium wp-image-6745\" alt=\"\" \/>\t\t\t\t\t\t\t\t<\/a>\n\t\t\t\t\t\t\t\t\t\t\t\t\t<\/div>\n\t\t\t\t<\/div>\n\t\t\t\t<\/div>\n\t\t<div class=\"elementor-element elementor-element-5add0ee e-con-full e-flex e-con e-child\" data-id=\"5add0ee\" data-element_type=\"container\">\n\t\t\t\t<div class=\"elementor-element elementor-element-825c860 elementor-widget__width-inherit elementor-widget elementor-widget-text-editor\" data-id=\"825c860\" data-element_type=\"widget\" data-widget_type=\"text-editor.default\">\n\t\t\t\t<div class=\"elementor-widget-container\">\n\t\t\t\t\t\t\t<p><a href=\"\/construction-de-bateaux\/\">NOS BATEAUX MED<\/a><\/p>\t\t\t\t\t\t<\/div>\n\t\t\t\t<\/div>\n\t\t\t\t<div class=\"elementor-element elementor-element-6f312c3 bateau-megamenu clickable elementor-widget elementor-widget-image\" data-id=\"6f312c3\" data-element_type=\"widget\" data-no-translation=\"\" data-widget_type=\"image.default\">\n\t\t\t\t<div class=\"elementor-widget-container\">\n\t\t\t\t\t\t\t\t\t\t\t\t\t\t<a href=\"\/construction-de-bateaux\/\">\n\t\t\t\t\t\t\t<img decoding=\"async\" width=\"130\" height=\"48\" src=\"https:\/\/medyacht-group.com\/wp-content\/uploads\/2022\/11\/med-52.svg\" class=\"attachment-medium size-medium wp-image-7378\" alt=\"\" \/>\t\t\t\t\t\t\t\t<\/a>\n\t\t\t\t\t\t\t\t\t\t\t\t\t<\/div>\n\t\t\t\t<\/div>\n\t\t\t\t<div class=\"elementor-element elementor-element-3bad4d0 bateau-megamenu clickable elementor-widget elementor-widget-image\" data-id=\"3bad4d0\" data-element_type=\"widget\" data-no-translation=\"\" data-widget_type=\"image.default\">\n\t\t\t\t<div class=\"elementor-widget-container\">\n\t\t\t<style>.elementor-element-3bad4d0{display:none !important}<\/style>\t\t<\/div>\n\t\t\t\t<\/div>\n\t\t\t\t<\/div>\n\t\t<div class=\"elementor-element elementor-element-470e1cc e-con-full e-flex e-con e-child\" data-id=\"470e1cc\" data-element_type=\"container\">\n\t\t\t\t<div class=\"elementor-element elementor-element-c2a0d40 elementor-widget__width-inherit elementor-widget elementor-widget-text-editor\" data-id=\"c2a0d40\" data-element_type=\"widget\" data-widget_type=\"text-editor.default\">\n\t\t\t\t<div class=\"elementor-widget-container\">\n\t\t\t\t\t\t\t<p><a href=\"\/bateaux-neufs\/sunseeker\">SUNSEEKER<\/a><\/p>\t\t\t\t\t\t<\/div>\n\t\t\t\t<\/div>\n\t\t\t\t<div class=\"elementor-element elementor-element-65feedc bateau-megamenu clickable elementor-widget elementor-widget-image\" data-id=\"65feedc\" data-element_type=\"widget\" data-no-translation=\"\" data-widget_type=\"image.default\">\n\t\t\t\t<div class=\"elementor-widget-container\">\n\t\t\t\t\t\t\t\t\t\t\t\t\t\t<a href=\"\/bateaux-neufs\/sunseeker\">\n\t\t\t\t\t\t\t<img loading=\"lazy\" decoding=\"async\" width=\"142\" height=\"47\" src=\"https:\/\/medyacht-group.com\/wp-content\/uploads\/2023\/01\/Sunseeker.svg\" class=\"attachment-medium size-medium wp-image-6714\" alt=\"sunseeker ic\u00f4ne\" \/>\t\t\t\t\t\t\t\t<\/a>\n\t\t\t\t\t\t\t\t\t\t\t\t\t<\/div>\n\t\t\t\t<\/div>\n\t\t\t\t<div class=\"elementor-element elementor-element-0514034 bateau-megamenu clickable elementor-widget elementor-widget-image\" data-id=\"0514034\" data-element_type=\"widget\" data-no-translation=\"\" data-widget_type=\"image.default\">\n\t\t\t\t<div class=\"elementor-widget-container\">\n\t\t\t<style>.elementor-element-0514034{display:none !important}<\/style>\t\t<\/div>\n\t\t\t\t<\/div>\n\t\t\t\t<\/div>\n\t\t<div class=\"elementor-element elementor-element-53d793e e-con-full e-flex e-con e-child\" data-id=\"53d793e\" data-element_type=\"container\">\n\t\t\t\t<div class=\"elementor-element elementor-element-a34fbbf elementor-widget elementor-widget-text-editor\" data-id=\"a34fbbf\" data-element_type=\"widget\" data-widget_type=\"text-editor.default\">\n\t\t\t\t<div class=\"elementor-widget-container\">\n\t\t\t\t\t\t\t<p><a href=\"\/bateaux-neufs\/beneteau\">BENETEAU<\/a><\/p>\t\t\t\t\t\t<\/div>\n\t\t\t\t<\/div>\n\t\t\t\t<div class=\"elementor-element elementor-element-56fcc91 bateau-megamenu clickable elementor-widget elementor-widget-image\" data-id=\"56fcc91\" data-element_type=\"widget\" data-no-translation=\"\" data-widget_type=\"image.default\">\n\t\t\t\t<div class=\"elementor-widget-container\">\n\t\t\t\t\t\t\t\t\t\t\t\t\t\t<a href=\"\/bateaux-neufs\/beneteau\">\n\t\t\t\t\t\t\t<img loading=\"lazy\" decoding=\"async\" width=\"104\" height=\"38\" src=\"https:\/\/medyacht-group.com\/wp-content\/uploads\/2023\/01\/Beneteau.svg\" class=\"attachment-medium size-medium wp-image-6719\" alt=\"\" \/>\t\t\t\t\t\t\t\t<\/a>\n\t\t\t\t\t\t\t\t\t\t\t\t\t<\/div>\n\t\t\t\t<\/div>\n\t\t\t\t<div class=\"elementor-element elementor-element-c2783fc bateau-megamenu clickable elementor-widget elementor-widget-image\" data-id=\"c2783fc\" data-element_type=\"widget\" data-no-translation=\"\" data-widget_type=\"image.default\">\n\t\t\t\t<div class=\"elementor-widget-container\">\n\t\t\t<style>.elementor-element-c2783fc{display:none !important}<\/style>\t\t<\/div>\n\t\t\t\t<\/div>\n\t\t\t\t<\/div>\n\t\t<div class=\"elementor-element elementor-element-abd5398 e-con-full e-flex e-con e-child\" data-id=\"abd5398\" data-element_type=\"container\">\n\t\t\t\t<div class=\"elementor-element elementor-element-bc79af6 elementor-widget elementor-widget-text-editor\" data-id=\"bc79af6\" data-element_type=\"widget\" data-widget_type=\"text-editor.default\">\n\t\t\t\t<div class=\"elementor-widget-container\">\n\t\t\t\t\t\t\t<p><a href=\"\/bateaux-neufs\/saxdor\">SAXDOR<\/a><\/p>\t\t\t\t\t\t<\/div>\n\t\t\t\t<\/div>\n\t\t\t\t<div class=\"elementor-element elementor-element-81818e0 bateau-megamenu clickable elementor-widget elementor-widget-image\" data-id=\"81818e0\" data-element_type=\"widget\" data-no-translation=\"\" data-widget_type=\"image.default\">\n\t\t\t\t<div class=\"elementor-widget-container\">\n\t\t\t\t\t\t\t\t\t\t\t\t\t\t<a href=\"\/bateaux-neufs\/saxdor\">\n\t\t\t\t\t\t\t<img loading=\"lazy\" decoding=\"async\" width=\"139\" height=\"39\" src=\"https:\/\/medyacht-group.com\/wp-content\/uploads\/2023\/01\/Saxdor.svg\" class=\"attachment-medium size-medium wp-image-6715\" alt=\"saxdor ic\u00f4ne\" \/>\t\t\t\t\t\t\t\t<\/a>\n\t\t\t\t\t\t\t\t\t\t\t\t\t<\/div>\n\t\t\t\t<\/div>\n\t\t\t\t<div class=\"elementor-element elementor-element-2084602 bateau-megamenu clickable elementor-widget elementor-widget-image\" data-id=\"2084602\" data-element_type=\"widget\" data-no-translation=\"\" data-widget_type=\"image.default\">\n\t\t\t\t<div class=\"elementor-widget-container\">\n\t\t\t<style>.elementor-element-2084602{display:none !important}<\/style>\t\t<\/div>\n\t\t\t\t<\/div>\n\t\t\t\t<\/div>\n\t\t<div class=\"elementor-element elementor-element-04cf86d e-con-full e-flex e-con e-child\" data-id=\"04cf86d\" data-element_type=\"container\">\n\t\t\t\t<div class=\"elementor-element elementor-element-65c537d elementor-widget elementor-widget-text-editor\" data-id=\"65c537d\" data-element_type=\"widget\" data-widget_type=\"text-editor.default\">\n\t\t\t\t<div class=\"elementor-widget-container\">\n\t\t\t\t\t\t\t<p><a href=\"\/bateaux-neufs\/sea-water\">SEAWATER<\/a><\/p>\t\t\t\t\t\t<\/div>\n\t\t\t\t<\/div>\n\t\t\t\t<div class=\"elementor-element elementor-element-64b5bc0 bateau-megamenu clickable elementor-widget elementor-widget-image\" data-id=\"64b5bc0\" data-element_type=\"widget\" data-no-translation=\"\" data-widget_type=\"image.default\">\n\t\t\t\t<div class=\"elementor-widget-container\">\n\t\t\t\t\t\t\t\t\t\t\t\t\t\t<a href=\"\/bateaux-neufs\/sea-water\">\n\t\t\t\t\t\t\t<img loading=\"lazy\" decoding=\"async\" width=\"135\" height=\"46\" src=\"https:\/\/medyacht-group.com\/wp-content\/uploads\/2023\/01\/SeaWater.svg\" class=\"attachment-medium size-medium wp-image-6723\" alt=\"\" \/>\t\t\t\t\t\t\t\t<\/a>\n\t\t\t\t\t\t\t\t\t\t\t\t\t<\/div>\n\t\t\t\t<\/div>\n\t\t\t\t<div class=\"elementor-element elementor-element-2c78c80 bateau-megamenu clickable elementor-widget elementor-widget-image\" data-id=\"2c78c80\" data-element_type=\"widget\" data-no-translation=\"\" data-widget_type=\"image.default\">\n\t\t\t\t<div class=\"elementor-widget-container\">\n\t\t\t<style>.elementor-element-2c78c80{display:none !important}<\/style>\t\t<\/div>\n\t\t\t\t<\/div>\n\t\t\t\t<\/div>\n\t\t\t\t\t<\/div>\n\t\t\t\t<\/div>\n\t\t\t\t<\/div>\n\t\t","protected":false},"excerpt":{"rendered":"<p>NOS BATEAUX D&rsquo;OCCASION NOS BATEAUX NEUFS NOS BATEAUX MED SUNSEEKER BENETEAU SAXDOR SEAWATER<\/p>\n","protected":false},"author":1,"featured_media":0,"parent":0,"menu_order":0,"comment_status":"closed","ping_status":"closed","template":"elementor_header_footer","meta":{"footnotes":""},"yoast_head":"<!-- This site is optimized with the Yoast SEO plugin v24.2 - https:\/\/yoast.com\/wordpress\/plugins\/seo\/ -->\n<title>Acheter un bateau neuf - Saint-Tropez - MEDYACHT<\/title>\n<meta name=\"description\" content=\"Vous souhaitez acheter un bateau neuf dans le Golfe de Saint-Tropez ou \u00e0 Marseille ? D\u00e9couvrez les diff\u00e9rents mod\u00e8les disponibles.\" \/>\n<meta name=\"robots\" content=\"index, follow, max-snippet:-1, max-image-preview:large, max-video-preview:-1\" \/>\n<link rel=\"canonical\" href=\"https:\/\/medyacht-group.com\/fr\/bateaux-neufs-marques\/\" \/>\n<meta property=\"og:locale\" content=\"fr_FR\" \/>\n<meta property=\"og:type\" content=\"article\" \/>\n<meta property=\"og:title\" content=\"Acheter un bateau neuf - Saint-Tropez - MEDYACHT\" \/>\n<meta property=\"og:description\" content=\"Vous souhaitez acheter un bateau neuf dans le Golfe de Saint-Tropez ou \u00e0 Marseille ? D\u00e9couvrez les diff\u00e9rents mod\u00e8les disponibles.\" \/>\n<meta property=\"og:url\" content=\"https:\/\/medyacht-group.com\/fr\/bateaux-neufs-marques\/\" \/>\n<meta property=\"og:site_name\" content=\"MEDYACHT\" \/>\n<meta property=\"article:modified_time\" content=\"2025-12-19T16:58:50+00:00\" \/>\n<meta name=\"twitter:card\" content=\"summary_large_image\" \/>\n<meta name=\"twitter:label1\" content=\"Dur\u00e9e de lecture estim\u00e9e\" \/>\n\t<meta name=\"twitter:data1\" content=\"3 minutes\" \/>\n<script type=\"application\/ld+json\" class=\"yoast-schema-graph\">{\"@context\":\"https:\/\/schema.org\",\"@graph\":[{\"@type\":\"WebPage\",\"@id\":\"https:\/\/medyacht-group.com\/bateaux-neufs-marques\/\",\"url\":\"https:\/\/medyacht-group.com\/bateaux-neufs-marques\/\",\"name\":\"Acheter un bateau neuf - Saint-Tropez - MEDYACHT\",\"isPartOf\":{\"@id\":\"https:\/\/medyacht-group.com\/fr\/#website\"},\"primaryImageOfPage\":{\"@id\":\"https:\/\/medyacht-group.com\/bateaux-neufs-marques\/#primaryimage\"},\"image\":{\"@id\":\"https:\/\/medyacht-group.com\/bateaux-neufs-marques\/#primaryimage\"},\"thumbnailUrl\":\"https:\/\/medyacht-group.com\/wp-content\/uploads\/2025\/12\/occasion-icon-medyacht.svg\",\"datePublished\":\"2023-02-03T08:14:56+00:00\",\"dateModified\":\"2025-12-19T16:58:50+00:00\",\"description\":\"Vous souhaitez acheter un bateau neuf dans le Golfe de Saint-Tropez ou \u00e0 Marseille ? D\u00e9couvrez les diff\u00e9rents mod\u00e8les disponibles.\",\"breadcrumb\":{\"@id\":\"https:\/\/medyacht-group.com\/bateaux-neufs-marques\/#breadcrumb\"},\"inLanguage\":\"fr-FR\",\"potentialAction\":[{\"@type\":\"ReadAction\",\"target\":[\"https:\/\/medyacht-group.com\/bateaux-neufs-marques\/\"]}]},{\"@type\":\"ImageObject\",\"inLanguage\":\"fr-FR\",\"@id\":\"https:\/\/medyacht-group.com\/bateaux-neufs-marques\/#primaryimage\",\"url\":\"https:\/\/medyacht-group.com\/wp-content\/uploads\/2025\/12\/occasion-icon-medyacht.svg\",\"contentUrl\":\"https:\/\/medyacht-group.com\/wp-content\/uploads\/2025\/12\/occasion-icon-medyacht.svg\"},{\"@type\":\"BreadcrumbList\",\"@id\":\"https:\/\/medyacht-group.com\/bateaux-neufs-marques\/#breadcrumb\",\"itemListElement\":[{\"@type\":\"ListItem\",\"position\":1,\"name\":\"Accueil\",\"item\":\"https:\/\/medyacht-group.com\/fr\/\"},{\"@type\":\"ListItem\",\"position\":2,\"name\":\"Bateaux Neufs Mobile\"}]},{\"@type\":\"WebSite\",\"@id\":\"https:\/\/medyacht-group.com\/fr\/#website\",\"url\":\"https:\/\/medyacht-group.com\/fr\/\",\"name\":\"MEDYACHT\",\"description\":\"Vente, Location et Entretien de Bateaux \u00e0 Saint-Tropez\",\"publisher\":{\"@id\":\"https:\/\/medyacht-group.com\/fr\/#organization\"},\"potentialAction\":[{\"@type\":\"SearchAction\",\"target\":{\"@type\":\"EntryPoint\",\"urlTemplate\":\"https:\/\/medyacht-group.com\/fr\/?s={search_term_string}\"},\"query-input\":{\"@type\":\"PropertyValueSpecification\",\"valueRequired\":true,\"valueName\":\"search_term_string\"}}],\"inLanguage\":\"fr-FR\"},{\"@type\":\"Organization\",\"@id\":\"https:\/\/medyacht-group.com\/fr\/#organization\",\"name\":\"MEDYACHT\",\"url\":\"https:\/\/medyacht-group.com\/fr\/\",\"logo\":{\"@type\":\"ImageObject\",\"inLanguage\":\"fr-FR\",\"@id\":\"https:\/\/medyacht-group.com\/fr\/#\/schema\/logo\/image\/\",\"url\":\"https:\/\/medyacht-group.com\/wp-content\/uploads\/2022\/11\/medyatch-logo.svg\",\"contentUrl\":\"https:\/\/medyacht-group.com\/wp-content\/uploads\/2022\/11\/medyatch-logo.svg\",\"width\":841,\"height\":239,\"caption\":\"MEDYACHT\"},\"image\":{\"@id\":\"https:\/\/medyacht-group.com\/fr\/#\/schema\/logo\/image\/\"}}]}<\/script>\n<!-- \/ Yoast SEO plugin. -->","yoast_head_json":{"title":"Acheter un bateau neuf - Saint-Tropez - MEDYACHT","description":"Vous souhaitez acheter un bateau neuf dans le Golfe de Saint-Tropez ou \u00e0 Marseille ? D\u00e9couvrez les diff\u00e9rents mod\u00e8les disponibles.","robots":{"index":"index","follow":"follow","max-snippet":"max-snippet:-1","max-image-preview":"max-image-preview:large","max-video-preview":"max-video-preview:-1"},"canonical":"https:\/\/medyacht-group.com\/fr\/bateaux-neufs-marques\/","og_locale":"fr_FR","og_type":"article","og_title":"Acheter un bateau neuf - Saint-Tropez - MEDYACHT","og_description":"Vous souhaitez acheter un bateau neuf dans le Golfe de Saint-Tropez ou \u00e0 Marseille ? D\u00e9couvrez les diff\u00e9rents mod\u00e8les disponibles.","og_url":"https:\/\/medyacht-group.com\/fr\/bateaux-neufs-marques\/","og_site_name":"MEDYACHT","article_modified_time":"2025-12-19T16:58:50+00:00","twitter_card":"summary_large_image","twitter_misc":{"Dur\u00e9e de lecture estim\u00e9e":"3 minutes"},"schema":{"@context":"https:\/\/schema.org","@graph":[{"@type":"WebPage","@id":"https:\/\/medyacht-group.com\/bateaux-neufs-marques\/","url":"https:\/\/medyacht-group.com\/bateaux-neufs-marques\/","name":"Acheter un bateau neuf - Saint-Tropez - MEDYACHT","isPartOf":{"@id":"https:\/\/medyacht-group.com\/fr\/#website"},"primaryImageOfPage":{"@id":"https:\/\/medyacht-group.com\/bateaux-neufs-marques\/#primaryimage"},"image":{"@id":"https:\/\/medyacht-group.com\/bateaux-neufs-marques\/#primaryimage"},"thumbnailUrl":"https:\/\/medyacht-group.com\/wp-content\/uploads\/2025\/12\/occasion-icon-medyacht.svg","datePublished":"2023-02-03T08:14:56+00:00","dateModified":"2025-12-19T16:58:50+00:00","description":"Vous souhaitez acheter un bateau neuf dans le Golfe de Saint-Tropez ou \u00e0 Marseille ? D\u00e9couvrez les diff\u00e9rents mod\u00e8les disponibles.","breadcrumb":{"@id":"https:\/\/medyacht-group.com\/bateaux-neufs-marques\/#breadcrumb"},"inLanguage":"fr-FR","potentialAction":[{"@type":"ReadAction","target":["https:\/\/medyacht-group.com\/bateaux-neufs-marques\/"]}]},{"@type":"ImageObject","inLanguage":"fr-FR","@id":"https:\/\/medyacht-group.com\/bateaux-neufs-marques\/#primaryimage","url":"https:\/\/medyacht-group.com\/wp-content\/uploads\/2025\/12\/occasion-icon-medyacht.svg","contentUrl":"https:\/\/medyacht-group.com\/wp-content\/uploads\/2025\/12\/occasion-icon-medyacht.svg"},{"@type":"BreadcrumbList","@id":"https:\/\/medyacht-group.com\/bateaux-neufs-marques\/#breadcrumb","itemListElement":[{"@type":"ListItem","position":1,"name":"Accueil","item":"https:\/\/medyacht-group.com\/fr\/"},{"@type":"ListItem","position":2,"name":"Bateaux Neufs Mobile"}]},{"@type":"WebSite","@id":"https:\/\/medyacht-group.com\/fr\/#website","url":"https:\/\/medyacht-group.com\/fr\/","name":"MEDYACHT","description":"Vente, Location et Entretien de Bateaux \u00e0 Saint-Tropez","publisher":{"@id":"https:\/\/medyacht-group.com\/fr\/#organization"},"potentialAction":[{"@type":"SearchAction","target":{"@type":"EntryPoint","urlTemplate":"https:\/\/medyacht-group.com\/fr\/?s={search_term_string}"},"query-input":{"@type":"PropertyValueSpecification","valueRequired":true,"valueName":"search_term_string"}}],"inLanguage":"fr-FR"},{"@type":"Organization","@id":"https:\/\/medyacht-group.com\/fr\/#organization","name":"MEDYACHT","url":"https:\/\/medyacht-group.com\/fr\/","logo":{"@type":"ImageObject","inLanguage":"fr-FR","@id":"https:\/\/medyacht-group.com\/fr\/#\/schema\/logo\/image\/","url":"https:\/\/medyacht-group.com\/wp-content\/uploads\/2022\/11\/medyatch-logo.svg","contentUrl":"https:\/\/medyacht-group.com\/wp-content\/uploads\/2022\/11\/medyatch-logo.svg","width":841,"height":239,"caption":"MEDYACHT"},"image":{"@id":"https:\/\/medyacht-group.com\/fr\/#\/schema\/logo\/image\/"}}]}},"_links":{"self":[{"href":"https:\/\/medyacht-group.com\/fr\/wp-json\/wp\/v2\/pages\/12342"}],"collection":[{"href":"https:\/\/medyacht-group.com\/fr\/wp-json\/wp\/v2\/pages"}],"about":[{"href":"https:\/\/medyacht-group.com\/fr\/wp-json\/wp\/v2\/types\/page"}],"author":[{"embeddable":true,"href":"https:\/\/medyacht-group.com\/fr\/wp-json\/wp\/v2\/users\/1"}],"replies":[{"embeddable":true,"href":"https:\/\/medyacht-group.com\/fr\/wp-json\/wp\/v2\/comments?post=12342"}],"version-history":[{"count":4,"href":"https:\/\/medyacht-group.com\/fr\/wp-json\/wp\/v2\/pages\/12342\/revisions"}],"predecessor-version":[{"id":21874,"href":"https:\/\/medyacht-group.com\/fr\/wp-json\/wp\/v2\/pages\/12342\/revisions\/21874"}],"wp:attachment":[{"href":"https:\/\/medyacht-group.com\/fr\/wp-json\/wp\/v2\/media?parent=12342"}],"curies":[{"name":"wp","href":"https:\/\/api.w.org\/{rel}","templated":true}]}}