{"id":13680,"date":"2023-03-02T15:16:52","date_gmt":"2023-03-02T14:16:52","guid":{"rendered":"https:\/\/medyacht-group.com\/\/?page_id=13680"},"modified":"2023-03-24T17:00:38","modified_gmt":"2023-03-24T16:00:38","slug":"mentions-legales","status":"publish","type":"page","link":"https:\/\/medyacht-group.com\/fr\/mentions-legales\/","title":{"rendered":"Mentions L\u00e9gales"},"content":{"rendered":"\t\t<div data-elementor-type=\"wp-page\" data-elementor-id=\"13680\" class=\"elementor elementor-13680\" data-elementor-post-type=\"page\">\n\t\t\t\t<div class=\"elementor-element elementor-element-ac05e9c opaque-top e-flex e-con-boxed e-con e-parent\" data-id=\"ac05e9c\" data-element_type=\"container\" data-settings=\"{&quot;background_background&quot;:&quot;classic&quot;}\">\n\t\t\t\t\t<div class=\"e-con-inner\">\n\t\t<div class=\"elementor-element elementor-element-c30edc5 e-con-full e-flex e-con e-child\" data-id=\"c30edc5\" data-element_type=\"container\">\n\t\t<div class=\"elementor-element elementor-element-ec06530 e-con-full e-flex e-con e-child\" data-id=\"ec06530\" data-element_type=\"container\">\n\t\t\t\t<div class=\"elementor-element elementor-element-6d8aaa8 element-reveal elementor-widget-divider--view-line elementor-invisible elementor-widget elementor-widget-divider\" data-id=\"6d8aaa8\" data-element_type=\"widget\" data-settings=\"{&quot;_animation&quot;:&quot;fadeIn&quot;}\" data-widget_type=\"divider.default\">\n\t\t\t\t<div class=\"elementor-widget-container\">\n\t\t\t\t\t<div class=\"elementor-divider\">\n\t\t\t<span class=\"elementor-divider-separator\">\n\t\t\t\t\t\t<\/span>\n\t\t<\/div>\n\t\t\t\t<\/div>\n\t\t\t\t<\/div>\n\t\t\t\t<div class=\"elementor-element elementor-element-e3dad8c elementor-widget__width-inherit element-reveal elementor-invisible elementor-widget elementor-widget-heading\" data-id=\"e3dad8c\" data-element_type=\"widget\" data-settings=\"{&quot;_animation&quot;:&quot;fadeIn&quot;}\" data-widget_type=\"heading.default\">\n\t\t\t\t<div class=\"elementor-widget-container\">\n\t\t\t<p class=\"elementor-heading-title elementor-size-default\">MedYacht<\/p>\t\t<\/div>\n\t\t\t\t<\/div>\n\t\t\t\t<div class=\"elementor-element elementor-element-7d0fe9e element-reveal elementor-invisible elementor-widget elementor-widget-heading\" data-id=\"7d0fe9e\" data-element_type=\"widget\" data-settings=\"{&quot;_animation&quot;:&quot;fadeIn&quot;}\" data-widget_type=\"heading.default\">\n\t\t\t\t<div class=\"elementor-widget-container\">\n\t\t\t<h1 class=\"elementor-heading-title elementor-size-default\"><b>Mentions l\u00e9gales<\/b><\/h1>\t\t<\/div>\n\t\t\t\t<\/div>\n\t\t\t\t<div class=\"elementor-element elementor-element-4007abb elementor-widget elementor-widget-text-editor\" data-id=\"4007abb\" data-element_type=\"widget\" data-settings=\"{&quot;_animation&quot;:&quot;none&quot;}\" data-widget_type=\"text-editor.default\">\n\t\t\t\t<div class=\"elementor-widget-container\">\n\t\t\t\t\t\t\t<section id=\"intro\" class=\"route-legal \"><header class=\"row column \"><div class=\"route-text rte\"><p><strong>\u00c9DITEUR :<\/strong> MED YACHT GROUP, Les R\u00e9sidences du Port &#8211; Entr\u00e9e B Avenue du 11<br \/>Novembre 1918 , 83 990 Saint-Tropez &#8211; FRANCE.<\/p><p><strong>T\u00e9l :<\/strong> +33(0) 4.94.45.20.84<br \/>R.C.S Fr\u00e9jus 842 800 450 &#8211; TVA FR 41 842 800 450<\/p><p><strong>R\u00c9ALISATION :<\/strong> MEDIACO LEVAGE, Service informatique &amp; communication, Espace Jean-Jacques Vernazza 17 avenue Andr\u00e9 Roussin 13016 MARSEILLE &#8211; FRANCE.<\/p><p><strong>T\u00e9l :<\/strong> +33(0) 4.91.03.81.91 &#8211; www.mediaco-groupe.com<\/p><p><strong>H\u00c9BERGEMENT :<\/strong> OVH SAS, 2 Rue Kellermann 59100 Roubaix.<\/p><p><strong>PHOTOS, ILLUSTRATION, TEXTE :<\/strong> Med Yacht Group\u00a9 ainsi que ses marques partenaires telles que : Sunseeker, Beneteau, Saxdor Yachts, Sea Water, Mercury et Volvo Penta. Toute reproduction, en tout ou en partie, sous quelque forme que ce soit, est interdite sans l&rsquo;autorisation pr\u00e9alable de l&rsquo;auteur.<\/p><\/div><\/header><\/section>\t\t\t\t\t\t<\/div>\n\t\t\t\t<\/div>\n\t\t\t\t<\/div>\n\t\t\t\t<\/div>\n\t\t<div class=\"elementor-element elementor-element-9078608 e-flex e-con-boxed e-con e-child\" data-id=\"9078608\" data-element_type=\"container\" data-settings=\"{&quot;background_background&quot;:&quot;classic&quot;}\">\n\t\t\t\t\t<div class=\"e-con-inner\">\n\t\t\t\t<div class=\"elementor-element elementor-element-9fe802e animated-fast elementor-invisible elementor-widget elementor-widget-image\" data-id=\"9fe802e\" data-element_type=\"widget\" data-settings=\"{&quot;_animation&quot;:&quot;fadeInUp&quot;,&quot;_animation_tablet&quot;:&quot;none&quot;}\" data-widget_type=\"image.default\">\n\t\t\t\t<div class=\"elementor-widget-container\">\n\t\t\t\t\t\t\t\t\t\t\t\t\t<img fetchpriority=\"high\" decoding=\"async\" width=\"1457\" height=\"1179\" src=\"https:\/\/medyacht-group.com\/wp-content\/uploads\/2023\/02\/place-port-1.webp\" class=\"attachment-full size-full wp-image-13100\" alt=\"places de port \u00e0 vendre sur saint-tropez\" srcset=\"https:\/\/medyacht-group.com\/wp-content\/uploads\/2023\/02\/place-port-1.webp 1457w, https:\/\/medyacht-group.com\/wp-content\/uploads\/2023\/02\/place-port-1-300x243.webp 300w, https:\/\/medyacht-group.com\/wp-content\/uploads\/2023\/02\/place-port-1-1024x829.webp 1024w, https:\/\/medyacht-group.com\/wp-content\/uploads\/2023\/02\/place-port-1-768x621.webp 768w, https:\/\/medyacht-group.com\/wp-content\/uploads\/2023\/02\/place-port-1-15x12.webp 15w\" sizes=\"(max-width: 1457px) 100vw, 1457px\" \/>\t\t\t\t\t\t\t\t\t\t\t\t\t<\/div>\n\t\t\t\t<\/div>\n\t\t\t\t\t<\/div>\n\t\t\t\t<\/div>\n\t\t\t\t\t<\/div>\n\t\t\t\t<\/div>\n\t\t<div class=\"elementor-element elementor-element-05d4975 e-flex e-con-boxed e-con e-parent\" data-id=\"05d4975\" data-element_type=\"container\">\n\t\t\t\t\t<div class=\"e-con-inner\">\n\t\t<div class=\"elementor-element elementor-element-fe56f21 e-con-full e-flex e-con e-child\" data-id=\"fe56f21\" data-element_type=\"container\">\n\t\t\t\t<div class=\"elementor-element elementor-element-34233d2 elementor-widget elementor-widget-text-editor\" data-id=\"34233d2\" data-element_type=\"widget\" data-settings=\"{&quot;_animation&quot;:&quot;none&quot;}\" data-widget_type=\"text-editor.default\">\n\t\t\t\t<div class=\"elementor-widget-container\">\n\t\t\t\t\t\t\t<p>Le <strong>MED52<\/strong> ainsi que le <strong>MED42<\/strong> sont disponibles \u00e0 la location dans nos agences des Marines de Cogolin et Saint-Tropez.<\/p><p><strong>LES DROITS DES UTILISATEURS SUR LEURS DONN\u00c9ES :<\/strong> Conform\u00e9ment \u00e0 la loi Informatique et Libert\u00e9s, et \u00e0 la r\u00e9glementation applicable aux donn\u00e9es \u00e0 caract\u00e8re personnel, les utilisateurs de ce site disposent des droits suivants :<\/p><ul><li>Droit d&rsquo;acc\u00e8s<\/li><li>Droit de rectification<\/li><li>Droit de suppression<\/li><li>Droit \u00e0 la limitation<\/li><li>Droit d&rsquo;opposition<\/li><li>\u00a0Droit \u00e0 la portabilit\u00e9<\/li><\/ul><p>Vous pouvez exercer chacun de ces droits \u00e0 tout moment en adressant un courrier accompagn\u00e9 d\u2019un justificatif d\u2019identit\u00e9 valide \u00e0 l\u2019adresse suivante : <strong>Med Yacht Group 69 Avenue du 11 Novembre 1918 , 83990 Saint-Tropez.<\/strong><\/p><p>Le service interviendra alors le plus rapidement possible d\u00e8s r\u00e9ception de votre demande. Le service interviendra alors le plus rapidement possible d\u00e8s r\u00e9ception de votre demande.<\/p><p><strong>UTILISATION DES DONN\u00c9ES PERSONNELLES :<\/strong> MEDYACHT GROUP ne collecte et n\u2019utilise que les donn\u00e9es personnelles qui sont essentielles au bon fonctionnement du site et \u00e0 l\u2019utilisation de ses services. Sont susceptibles de faire intervenir des donn\u00e9es personnelles les \u00e9l\u00e9ments suivants :<\/p><ul><li>Les formulaires de contact<\/li><li>Les r\u00e9servations de bateaux en ligne<\/li><li>Abonnement \u00e0 la newsletter<\/li><\/ul><p>La totalit\u00e9 du traitement de ces donn\u00e9es repose sur la base l\u00e9gale du consentement, mentionn\u00e9e \u00e0 l\u2019article 6 du RGPD (https:\/\/www.cnil.fr\/fr\/reglementeuropeen- protection-donnees\/chapitre2#Article6). Ce consentement est requis explicitement sous la forme de cases \u00e0 cocher dans les formulaires du site. MEDYACHT GROUP vous informe que l\u2019ensemble des donn\u00e9es \u00e0 caract\u00e8re personnel que vous pourriez lui communiquer par l\u2019interm\u00e9diaire de ce site sont destin\u00e9es uniquement au personnel habilit\u00e9 de l\u2019entreprise et ne seront transmises \u00e0 aucun tiers.<\/p>\t\t\t\t\t\t<\/div>\n\t\t\t\t<\/div>\n\t\t\t\t<\/div>\n\t\t\t\t\t<\/div>\n\t\t\t\t<\/div>\n\t\t<div class=\"elementor-element elementor-element-757b703 espaceur e-flex e-con-boxed e-con e-parent\" data-id=\"757b703\" data-element_type=\"container\">\n\t\t\t\t\t<div class=\"e-con-inner\">\n\t\t\t\t\t<\/div>\n\t\t\t\t<\/div>\n\t\t\t\t<\/div>\n\t\t","protected":false},"excerpt":{"rendered":"<p>MedYacht Mentions l\u00e9gales \u00c9DITEUR : MED YACHT GROUP, Les R\u00e9sidences du Port &#8211; Entr\u00e9e B Avenue du 11 Novembre 1918 , 83 990 Saint-Tropez &#8211; FRANCE. T\u00e9l : +33(0) 4.94.45.20.84 R.C.S Fr\u00e9jus 842 800 450 &#8211; TVA FR 41 842 800 450 R\u00c9ALISATION : MEDIACO LEVAGE, Service informatique &amp; communication, Espace Jean-Jacques Vernazza 17 avenue [&hellip;]<\/p>\n","protected":false},"author":1,"featured_media":0,"parent":0,"menu_order":0,"comment_status":"closed","ping_status":"closed","template":"elementor_header_footer","meta":{"footnotes":""},"yoast_head":"<!-- This site is optimized with the Yoast SEO plugin v24.2 - https:\/\/yoast.com\/wordpress\/plugins\/seo\/ -->\n<title>Mentions L\u00e9gales - MEDYACHT<\/title>\n<meta name=\"robots\" content=\"noindex, nofollow\" \/>\n<meta property=\"og:locale\" content=\"fr_FR\" \/>\n<meta property=\"og:type\" content=\"article\" \/>\n<meta property=\"og:title\" content=\"Mentions L\u00e9gales - MEDYACHT\" \/>\n<meta property=\"og:description\" content=\"MedYacht Mentions l\u00e9gales \u00c9DITEUR : MED YACHT GROUP, Les R\u00e9sidences du Port &#8211; Entr\u00e9e B Avenue du 11 Novembre 1918 , 83 990 Saint-Tropez &#8211; FRANCE. T\u00e9l : +33(0) 4.94.45.20.84 R.C.S Fr\u00e9jus 842 800 450 &#8211; TVA FR 41 842 800 450 R\u00c9ALISATION : MEDIACO LEVAGE, Service informatique &amp; communication, Espace Jean-Jacques Vernazza 17 avenue [&hellip;]\" \/>\n<meta property=\"og:url\" content=\"https:\/\/medyacht-group.com\/fr\/mentions-legales\/\" \/>\n<meta property=\"og:site_name\" content=\"MEDYACHT\" \/>\n<meta property=\"article:modified_time\" content=\"2023-03-24T16:00:38+00:00\" \/>\n<meta property=\"og:image\" content=\"https:\/\/medyacht-group.com\/\/wp-content\/uploads\/2023\/02\/place-port-1.webp\" \/>\n<meta name=\"twitter:card\" content=\"summary_large_image\" \/>\n<meta name=\"twitter:label1\" content=\"Dur\u00e9e de lecture estim\u00e9e\" \/>\n\t<meta name=\"twitter:data1\" content=\"3 minutes\" \/>\n<script type=\"application\/ld+json\" class=\"yoast-schema-graph\">{\"@context\":\"https:\/\/schema.org\",\"@graph\":[{\"@type\":\"WebPage\",\"@id\":\"https:\/\/medyacht-group.com\/fr\/mentions-legales\/\",\"url\":\"https:\/\/medyacht-group.com\/fr\/mentions-legales\/\",\"name\":\"Mentions L\u00e9gales - MEDYACHT\",\"isPartOf\":{\"@id\":\"https:\/\/medyacht-group.com\/fr\/#website\"},\"primaryImageOfPage\":{\"@id\":\"https:\/\/medyacht-group.com\/fr\/mentions-legales\/#primaryimage\"},\"image\":{\"@id\":\"https:\/\/medyacht-group.com\/fr\/mentions-legales\/#primaryimage\"},\"thumbnailUrl\":\"https:\/\/medyacht-group.com\/\/wp-content\/uploads\/2023\/02\/place-port-1.webp\",\"datePublished\":\"2023-03-02T14:16:52+00:00\",\"dateModified\":\"2023-03-24T16:00:38+00:00\",\"breadcrumb\":{\"@id\":\"https:\/\/medyacht-group.com\/fr\/mentions-legales\/#breadcrumb\"},\"inLanguage\":\"fr-FR\",\"potentialAction\":[{\"@type\":\"ReadAction\",\"target\":[\"https:\/\/medyacht-group.com\/fr\/mentions-legales\/\"]}]},{\"@type\":\"ImageObject\",\"inLanguage\":\"fr-FR\",\"@id\":\"https:\/\/medyacht-group.com\/fr\/mentions-legales\/#primaryimage\",\"url\":\"https:\/\/medyacht-group.com\/\/wp-content\/uploads\/2023\/02\/place-port-1.webp\",\"contentUrl\":\"https:\/\/medyacht-group.com\/\/wp-content\/uploads\/2023\/02\/place-port-1.webp\"},{\"@type\":\"BreadcrumbList\",\"@id\":\"https:\/\/medyacht-group.com\/fr\/mentions-legales\/#breadcrumb\",\"itemListElement\":[{\"@type\":\"ListItem\",\"position\":1,\"name\":\"Accueil\",\"item\":\"https:\/\/medyacht-group.com\/\"},{\"@type\":\"ListItem\",\"position\":2,\"name\":\"Mentions L\u00e9gales\"}]},{\"@type\":\"WebSite\",\"@id\":\"https:\/\/medyacht-group.com\/fr\/#website\",\"url\":\"https:\/\/medyacht-group.com\/fr\/\",\"name\":\"MEDYACHT\",\"description\":\"Vente, Location et Entretien de Bateaux \u00e0 Saint-Tropez\",\"publisher\":{\"@id\":\"https:\/\/medyacht-group.com\/fr\/#organization\"},\"potentialAction\":[{\"@type\":\"SearchAction\",\"target\":{\"@type\":\"EntryPoint\",\"urlTemplate\":\"https:\/\/medyacht-group.com\/fr\/?s={search_term_string}\"},\"query-input\":{\"@type\":\"PropertyValueSpecification\",\"valueRequired\":true,\"valueName\":\"search_term_string\"}}],\"inLanguage\":\"fr-FR\"},{\"@type\":\"Organization\",\"@id\":\"https:\/\/medyacht-group.com\/fr\/#organization\",\"name\":\"MEDYACHT\",\"url\":\"https:\/\/medyacht-group.com\/fr\/\",\"logo\":{\"@type\":\"ImageObject\",\"inLanguage\":\"fr-FR\",\"@id\":\"https:\/\/medyacht-group.com\/fr\/#\/schema\/logo\/image\/\",\"url\":\"https:\/\/medyacht-group.com\/wp-content\/uploads\/2022\/11\/medyatch-logo.svg\",\"contentUrl\":\"https:\/\/medyacht-group.com\/wp-content\/uploads\/2022\/11\/medyatch-logo.svg\",\"width\":841,\"height\":239,\"caption\":\"MEDYACHT\"},\"image\":{\"@id\":\"https:\/\/medyacht-group.com\/fr\/#\/schema\/logo\/image\/\"}}]}<\/script>\n<!-- \/ Yoast SEO plugin. -->","yoast_head_json":{"title":"Mentions L\u00e9gales - MEDYACHT","robots":{"index":"noindex","follow":"nofollow"},"og_locale":"fr_FR","og_type":"article","og_title":"Mentions L\u00e9gales - MEDYACHT","og_description":"MedYacht Mentions l\u00e9gales \u00c9DITEUR : MED YACHT GROUP, Les R\u00e9sidences du Port &#8211; Entr\u00e9e B Avenue du 11 Novembre 1918 , 83 990 Saint-Tropez &#8211; FRANCE. T\u00e9l : +33(0) 4.94.45.20.84 R.C.S Fr\u00e9jus 842 800 450 &#8211; TVA FR 41 842 800 450 R\u00c9ALISATION : MEDIACO LEVAGE, Service informatique &amp; communication, Espace Jean-Jacques Vernazza 17 avenue [&hellip;]","og_url":"https:\/\/medyacht-group.com\/fr\/mentions-legales\/","og_site_name":"MEDYACHT","article_modified_time":"2023-03-24T16:00:38+00:00","og_image":[{"url":"https:\/\/medyacht-group.com\/\/wp-content\/uploads\/2023\/02\/place-port-1.webp","type":"","width":"","height":""}],"twitter_card":"summary_large_image","twitter_misc":{"Dur\u00e9e de lecture estim\u00e9e":"3 minutes"},"schema":{"@context":"https:\/\/schema.org","@graph":[{"@type":"WebPage","@id":"https:\/\/medyacht-group.com\/fr\/mentions-legales\/","url":"https:\/\/medyacht-group.com\/fr\/mentions-legales\/","name":"Mentions L\u00e9gales - MEDYACHT","isPartOf":{"@id":"https:\/\/medyacht-group.com\/fr\/#website"},"primaryImageOfPage":{"@id":"https:\/\/medyacht-group.com\/fr\/mentions-legales\/#primaryimage"},"image":{"@id":"https:\/\/medyacht-group.com\/fr\/mentions-legales\/#primaryimage"},"thumbnailUrl":"https:\/\/medyacht-group.com\/\/wp-content\/uploads\/2023\/02\/place-port-1.webp","datePublished":"2023-03-02T14:16:52+00:00","dateModified":"2023-03-24T16:00:38+00:00","breadcrumb":{"@id":"https:\/\/medyacht-group.com\/fr\/mentions-legales\/#breadcrumb"},"inLanguage":"fr-FR","potentialAction":[{"@type":"ReadAction","target":["https:\/\/medyacht-group.com\/fr\/mentions-legales\/"]}]},{"@type":"ImageObject","inLanguage":"fr-FR","@id":"https:\/\/medyacht-group.com\/fr\/mentions-legales\/#primaryimage","url":"https:\/\/medyacht-group.com\/\/wp-content\/uploads\/2023\/02\/place-port-1.webp","contentUrl":"https:\/\/medyacht-group.com\/\/wp-content\/uploads\/2023\/02\/place-port-1.webp"},{"@type":"BreadcrumbList","@id":"https:\/\/medyacht-group.com\/fr\/mentions-legales\/#breadcrumb","itemListElement":[{"@type":"ListItem","position":1,"name":"Accueil","item":"https:\/\/medyacht-group.com\/"},{"@type":"ListItem","position":2,"name":"Mentions L\u00e9gales"}]},{"@type":"WebSite","@id":"https:\/\/medyacht-group.com\/fr\/#website","url":"https:\/\/medyacht-group.com\/fr\/","name":"MEDYACHT","description":"Vente, Location et Entretien de Bateaux \u00e0 Saint-Tropez","publisher":{"@id":"https:\/\/medyacht-group.com\/fr\/#organization"},"potentialAction":[{"@type":"SearchAction","target":{"@type":"EntryPoint","urlTemplate":"https:\/\/medyacht-group.com\/fr\/?s={search_term_string}"},"query-input":{"@type":"PropertyValueSpecification","valueRequired":true,"valueName":"search_term_string"}}],"inLanguage":"fr-FR"},{"@type":"Organization","@id":"https:\/\/medyacht-group.com\/fr\/#organization","name":"MEDYACHT","url":"https:\/\/medyacht-group.com\/fr\/","logo":{"@type":"ImageObject","inLanguage":"fr-FR","@id":"https:\/\/medyacht-group.com\/fr\/#\/schema\/logo\/image\/","url":"https:\/\/medyacht-group.com\/wp-content\/uploads\/2022\/11\/medyatch-logo.svg","contentUrl":"https:\/\/medyacht-group.com\/wp-content\/uploads\/2022\/11\/medyatch-logo.svg","width":841,"height":239,"caption":"MEDYACHT"},"image":{"@id":"https:\/\/medyacht-group.com\/fr\/#\/schema\/logo\/image\/"}}]}},"_links":{"self":[{"href":"https:\/\/medyacht-group.com\/fr\/wp-json\/wp\/v2\/pages\/13680"}],"collection":[{"href":"https:\/\/medyacht-group.com\/fr\/wp-json\/wp\/v2\/pages"}],"about":[{"href":"https:\/\/medyacht-group.com\/fr\/wp-json\/wp\/v2\/types\/page"}],"author":[{"embeddable":true,"href":"https:\/\/medyacht-group.com\/fr\/wp-json\/wp\/v2\/users\/1"}],"replies":[{"embeddable":true,"href":"https:\/\/medyacht-group.com\/fr\/wp-json\/wp\/v2\/comments?post=13680"}],"version-history":[{"count":0,"href":"https:\/\/medyacht-group.com\/fr\/wp-json\/wp\/v2\/pages\/13680\/revisions"}],"wp:attachment":[{"href":"https:\/\/medyacht-group.com\/fr\/wp-json\/wp\/v2\/media?parent=13680"}],"curies":[{"name":"wp","href":"https:\/\/api.w.org\/{rel}","templated":true}]}}